{"id":444,"date":"2019-11-01T10:05:58","date_gmt":"2019-11-01T10:05:58","guid":{"rendered":"http:\/\/demo.athemes.com\/sydney-redesign\/?page_id=444"},"modified":"2025-03-31T20:24:26","modified_gmt":"2025-03-31T20:24:26","slug":"contact","status":"publish","type":"page","link":"https:\/\/universidadmoctezuma.com\/?page_id=444","title":{"rendered":"Contact"},"content":{"rendered":"<p>Cont\u00e1ctanos<\/p>\n<h2>Ubicaci\u00f3n<\/h2>\n<p>\t\t\t<iframe frameborder=\"0\" scrolling=\"no\" marginheight=\"0\" marginwidth=\"0\"\n\t\t\t\t\tsrc=\"https:\/\/maps.google.com\/maps?q=Revoluci%C3%B3n%20558%2C%2048291%20Las%20Juntas%2C%20Jal.&#038;t=m&#038;z=10&#038;output=embed&#038;iwloc=near\"\n\t\t\t\t\ttitle=\"Revoluci\u00f3n 558, 48291 Las Juntas, Jal.\"\n\t\t\t\t\taria-label=\"Revoluci\u00f3n 558, 48291 Las Juntas, Jal.\"\n\t\t\t><\/iframe><br \/>\n\t\t\t<iframe loading=\"lazy\" src=\"https:\/\/docs.google.com\/forms\/d\/e\/1FAIpQLSfNpiT-pd0k5hJQg67t3PyMtNNhSZMBQjNNY5JDgfzqYDH-bQ\/viewform?embedded=true\" width=\"640\" height=\"956\" frameborder=\"0\" marginheight=\"0\" marginwidth=\"0\">Cargando\u2026<\/iframe>\t\t<\/p>\n<p>Direcci\u00f3n<\/p>\n<p>\n\t\t\t\t\t\tBoulevard Francisco Medina Ascencio #2190<br \/>\n &#8211; C.P. 48333<br \/>\nPlaza Caracol local 66 y 68 segundo piso\t\t\t\t\t<\/p>\n<p>Telef\u00f3no<\/p>\n<p>\t\t\t\t\t\t322 293 66 12\t\t\t\t\t<\/p>\n<p>\n\t\t\t\t\t\tN\u00famero local\t\t\t\t\t<\/p>\n","protected":false},"excerpt":{"rendered":"<p>Cont\u00e1ctanos Ubicaci\u00f3n Cargando\u2026 Direcci\u00f3n Boulevard Francisco Medina Ascencio #2190 &#8211; C.P. 48333 Plaza Caracol local 66 y 68 segundo piso Telef\u00f3no 322 293 66 12 N\u00famero local<\/p>\n","protected":false},"author":1,"featured_media":0,"parent":0,"menu_order":0,"comment_status":"closed","ping_status":"closed","template":"page-templates\/page_front-page.php","meta":{"footnotes":""},"class_list":["post-444","page","type-page","status-publish","hentry"],"_links":{"self":[{"href":"https:\/\/universidadmoctezuma.com\/index.php?rest_route=\/wp\/v2\/pages\/444","targetHints":{"allow":["GET"]}}],"collection":[{"href":"https:\/\/universidadmoctezuma.com\/index.php?rest_route=\/wp\/v2\/pages"}],"about":[{"href":"https:\/\/universidadmoctezuma.com\/index.php?rest_route=\/wp\/v2\/types\/page"}],"author":[{"embeddable":true,"href":"https:\/\/universidadmoctezuma.com\/index.php?rest_route=\/wp\/v2\/users\/1"}],"replies":[{"embeddable":true,"href":"https:\/\/universidadmoctezuma.com\/index.php?rest_route=%2Fwp%2Fv2%2Fcomments&post=444"}],"version-history":[{"count":47,"href":"https:\/\/universidadmoctezuma.com\/index.php?rest_route=\/wp\/v2\/pages\/444\/revisions"}],"predecessor-version":[{"id":800190,"href":"https:\/\/universidadmoctezuma.com\/index.php?rest_route=\/wp\/v2\/pages\/444\/revisions\/800190"}],"wp:attachment":[{"href":"https:\/\/universidadmoctezuma.com\/index.php?rest_route=%2Fwp%2Fv2%2Fmedia&parent=444"}],"curies":[{"name":"wp","href":"https:\/\/api.w.org\/{rel}","templated":true}]}}