{"id":361,"date":"2019-10-30T19:37:49","date_gmt":"2019-10-30T19:37:49","guid":{"rendered":"http:\/\/demo.athemes.com\/sydney-redesign\/?page_id=361"},"modified":"2022-02-17T17:59:10","modified_gmt":"2022-02-17T17:59:10","slug":"team","status":"publish","type":"page","link":"https:\/\/universidadmoctezuma.com\/?page_id=361","title":{"rendered":"Team"},"content":{"rendered":"<figure>\n\t\t\t\t\t\t\t\t\t\t<img decoding=\"async\" width=\"1920\" height=\"450\" src=\"https:\/\/universidadmoctezuma.com\/wp-content\/uploads\/2020\/06\/quienes-somos.jpg\" alt=\"\" loading=\"lazy\" srcset=\"https:\/\/universidadmoctezuma.com\/wp-content\/uploads\/2020\/06\/quienes-somos.jpg 1920w, https:\/\/universidadmoctezuma.com\/wp-content\/uploads\/2020\/06\/quienes-somos-300x70.jpg 300w, https:\/\/universidadmoctezuma.com\/wp-content\/uploads\/2020\/06\/quienes-somos-1024x240.jpg 1024w, https:\/\/universidadmoctezuma.com\/wp-content\/uploads\/2020\/06\/quienes-somos-768x180.jpg 768w, https:\/\/universidadmoctezuma.com\/wp-content\/uploads\/2020\/06\/quienes-somos-1536x360.jpg 1536w, https:\/\/universidadmoctezuma.com\/wp-content\/uploads\/2020\/06\/quienes-somos-830x195.jpg 830w, https:\/\/universidadmoctezuma.com\/wp-content\/uploads\/2020\/06\/quienes-somos-230x54.jpg 230w, https:\/\/universidadmoctezuma.com\/wp-content\/uploads\/2020\/06\/quienes-somos-350x82.jpg 350w, https:\/\/universidadmoctezuma.com\/wp-content\/uploads\/2020\/06\/quienes-somos-480x113.jpg 480w\" sizes=\"auto, (max-width: 1920px) 100vw, 1920px\" \/><figcaption><\/figcaption><\/figure>\n<p>Acerca de<\/p>\n<p>Nuestra escuela fue fundada en el a\u00f1o 2015 con la misi\u00f3n de ofrecer la mejor educaci\u00f3n en la regi\u00f3n.<\/p>\n<p>Filosof\u00eda<\/p>\n<p>\u200bNuestro m\u00e9todo es sencillo pero muy efectivo. Creemos que lo m\u00e1s importante es tu aprendizaje por medio de nuestra ense\u00f1anza. Nuestra mayor recompensa es ayudarte a lograr tus sue\u00f1os.\u200b<\/p>\n<p>Misi\u00f3n<\/p>\n<p>Quis eleifend quam adipiscing vitae proin sagittis. Malesuada fames ac turpis egestas sed tempus. Lacinia at quis risus sed vulputate odio. Lacus sed turpis tincidunt id aliquet risus feugiat in ante. Id consectetur purus ut faucibus pulvinar elementum integer enim. Pharetra vel turpis nunc eget. Sed faucibus turpis in eu mi bibendum neque.&nbsp;<\/p>\n<p>Visi\u00f3n<\/p>\n<p>Quis eleifend quam adipiscing vitae proin sagittis. Malesuada fames ac turpis egestas sed tempus. Lacinia at quis risus sed vulputate odio. Lacus sed turpis tincidunt id aliquet risus feugiat in ante. Id consectetur purus ut faucibus pulvinar elementum integer enim. Pharetra vel turpis nunc eget. Sed faucibus turpis in eu mi bibendum neque.&nbsp;<\/p>\n<p>Valores<\/p>\n<p>Quis eleifend quam adipiscing vitae proin sagittis. Malesuada fames ac turpis egestas sed tempus. Lacinia at quis risus sed vulputate odio. Lacus sed turpis tincidunt id aliquet risus feugiat in ante. Id consectetur purus ut faucibus pulvinar elementum integer enim. Pharetra vel turpis nunc eget. Sed faucibus turpis in eu mi bibendum neque.&nbsp;<\/p>\n<p>\t\t\t\t\t\t\t\tMable Howell<br \/>\n\t\t\t\t\t\t\t\tGENERAL MANAGER<\/p>\n<ul>\n<li><a href=\"#\" target=\"_blank\" rel=\"noopener\"><i><svg xmlns=\"http:\/\/www.w3.org\/2000\/svg\" viewBox=\"0 0 448 512\" fill=\"#fff;\"><path d=\"M279.14 288l14.22-92.66h-88.91v-60.13c0-25.35 12.42-50.06 52.24-50.06h40.42V6.26S260.43 0 225.36 0c-73.22 0-121.08 44.38-121.08 124.72v70.62H22.89V288h81.39v224h100.17V288z\"\/><\/svg><\/i><\/a><\/li>\n<li><a href=\"#\" target=\"_blank\" rel=\"noopener\"><i><svg xmlns=\"http:\/\/www.w3.org\/2000\/svg\" viewBox=\"0 0 512 512\"><path d=\"M459.37 151.716c.325 4.548.325 9.097.325 13.645 0 138.72-105.583 298.558-298.558 298.558-59.452 0-114.68-17.219-161.137-47.106 8.447.974 16.568 1.299 25.34 1.299 49.055 0 94.213-16.568 130.274-44.832-46.132-.975-84.792-31.188-98.112-72.772 6.498.974 12.995 1.624 19.818 1.624 9.421 0 18.843-1.3 27.614-3.573-48.081-9.747-84.143-51.98-84.143-102.985v-1.299c13.969 7.797 30.214 12.67 47.431 13.319-28.264-18.843-46.781-51.005-46.781-87.391 0-19.492 5.197-37.36 14.294-52.954 51.655 63.675 129.3 105.258 216.365 109.807-1.624-7.797-2.599-15.918-2.599-24.04 0-57.828 46.782-104.934 104.934-104.934 30.213 0 57.502 12.67 76.67 33.137 23.715-4.548 46.456-13.32 66.599-25.34-7.798 24.366-24.366 44.833-46.132 57.827 21.117-2.273 41.584-8.122 60.426-16.243-14.292 20.791-32.161 39.308-52.628 54.253z\"\/><\/svg><\/i><\/a><\/li>\n<li><a href=\"#\" target=\"_blank\" rel=\"noopener\"><i><svg xmlns=\"http:\/\/www.w3.org\/2000\/svg\" viewBox=\"0 0 448 512\"><path d=\"M100.28 448H7.4V148.9h92.88zM53.79 108.1C24.09 108.1 0 83.5 0 53.8a53.79 53.79 0 0 1 107.58 0c0 29.7-24.1 54.3-53.79 54.3zM447.9 448h-92.68V302.4c0-34.7-.7-79.2-48.29-79.2-48.29 0-55.69 37.7-55.69 76.7V448h-92.78V148.9h89.08v40.8h1.3c12.4-23.5 42.69-48.3 87.88-48.3 94 0 111.28 61.9 111.28 142.3V448z\"\/><\/svg><\/i><\/a><\/li>\n<\/ul>\n<p>\t\t\t\t\t\t<img decoding=\"async\" src=\"http:\/\/demo.athemes.com\/sydney-redesign\/wp-content\/uploads\/sites\/103\/2019\/10\/team_1f@2x.png\" alt=\"team_1f@2x\"\/><br \/>\n\t\t\t        \t\t\t\t        \t\tMable Howell<br \/>\n\t\t\t        GENERAL MANAGER<br \/>\n\t\t\t<!-- \/.team-item --><br \/>\n\t\t\t\t\t\t\t\tJane Doe<br \/>\n\t\t\t\t\t\t\t\tUX\/UI DESIGNER<\/p>\n<ul>\n<li><a href=\"#\" target=\"_blank\" rel=\"noopener\"><i><svg xmlns=\"http:\/\/www.w3.org\/2000\/svg\" viewBox=\"0 0 448 512\" fill=\"#fff;\"><path d=\"M279.14 288l14.22-92.66h-88.91v-60.13c0-25.35 12.42-50.06 52.24-50.06h40.42V6.26S260.43 0 225.36 0c-73.22 0-121.08 44.38-121.08 124.72v70.62H22.89V288h81.39v224h100.17V288z\"\/><\/svg><\/i><\/a><\/li>\n<li><a href=\"#\" target=\"_blank\" rel=\"noopener\"><i><svg xmlns=\"http:\/\/www.w3.org\/2000\/svg\" viewBox=\"0 0 512 512\"><path d=\"M459.37 151.716c.325 4.548.325 9.097.325 13.645 0 138.72-105.583 298.558-298.558 298.558-59.452 0-114.68-17.219-161.137-47.106 8.447.974 16.568 1.299 25.34 1.299 49.055 0 94.213-16.568 130.274-44.832-46.132-.975-84.792-31.188-98.112-72.772 6.498.974 12.995 1.624 19.818 1.624 9.421 0 18.843-1.3 27.614-3.573-48.081-9.747-84.143-51.98-84.143-102.985v-1.299c13.969 7.797 30.214 12.67 47.431 13.319-28.264-18.843-46.781-51.005-46.781-87.391 0-19.492 5.197-37.36 14.294-52.954 51.655 63.675 129.3 105.258 216.365 109.807-1.624-7.797-2.599-15.918-2.599-24.04 0-57.828 46.782-104.934 104.934-104.934 30.213 0 57.502 12.67 76.67 33.137 23.715-4.548 46.456-13.32 66.599-25.34-7.798 24.366-24.366 44.833-46.132 57.827 21.117-2.273 41.584-8.122 60.426-16.243-14.292 20.791-32.161 39.308-52.628 54.253z\"\/><\/svg><\/i><\/a><\/li>\n<li><a href=\"#\" target=\"_blank\" rel=\"noopener\"><i><svg xmlns=\"http:\/\/www.w3.org\/2000\/svg\" viewBox=\"0 0 448 512\"><path d=\"M100.28 448H7.4V148.9h92.88zM53.79 108.1C24.09 108.1 0 83.5 0 53.8a53.79 53.79 0 0 1 107.58 0c0 29.7-24.1 54.3-53.79 54.3zM447.9 448h-92.68V302.4c0-34.7-.7-79.2-48.29-79.2-48.29 0-55.69 37.7-55.69 76.7V448h-92.78V148.9h89.08v40.8h1.3c12.4-23.5 42.69-48.3 87.88-48.3 94 0 111.28 61.9 111.28 142.3V448z\"\/><\/svg><\/i><\/a><\/li>\n<\/ul>\n<p>\t\t\t\t\t\t<img decoding=\"async\" src=\"http:\/\/demo.athemes.com\/sydney-redesign\/wp-content\/uploads\/sites\/103\/2019\/10\/team_2f@2x.png\" alt=\"team_2f@2x\"\/><br \/>\n\t\t\t        \t\t\t\t        \t\tJane Doe<br \/>\n\t\t\t        UX\/UI DESIGNER<br \/>\n\t\t\t<!-- \/.team-item --><br \/>\n\t\t\t\t\t\t\t\tJohn Doe<br \/>\n\t\t\t\t\t\t\t\tACCOUNTANT<\/p>\n<ul>\n<li><a href=\"#\" target=\"_blank\" rel=\"noopener\"><i><svg xmlns=\"http:\/\/www.w3.org\/2000\/svg\" viewBox=\"0 0 448 512\" fill=\"#fff;\"><path d=\"M279.14 288l14.22-92.66h-88.91v-60.13c0-25.35 12.42-50.06 52.24-50.06h40.42V6.26S260.43 0 225.36 0c-73.22 0-121.08 44.38-121.08 124.72v70.62H22.89V288h81.39v224h100.17V288z\"\/><\/svg><\/i><\/a><\/li>\n<li><a href=\"#\" target=\"_blank\" rel=\"noopener\"><i><svg xmlns=\"http:\/\/www.w3.org\/2000\/svg\" viewBox=\"0 0 512 512\"><path d=\"M459.37 151.716c.325 4.548.325 9.097.325 13.645 0 138.72-105.583 298.558-298.558 298.558-59.452 0-114.68-17.219-161.137-47.106 8.447.974 16.568 1.299 25.34 1.299 49.055 0 94.213-16.568 130.274-44.832-46.132-.975-84.792-31.188-98.112-72.772 6.498.974 12.995 1.624 19.818 1.624 9.421 0 18.843-1.3 27.614-3.573-48.081-9.747-84.143-51.98-84.143-102.985v-1.299c13.969 7.797 30.214 12.67 47.431 13.319-28.264-18.843-46.781-51.005-46.781-87.391 0-19.492 5.197-37.36 14.294-52.954 51.655 63.675 129.3 105.258 216.365 109.807-1.624-7.797-2.599-15.918-2.599-24.04 0-57.828 46.782-104.934 104.934-104.934 30.213 0 57.502 12.67 76.67 33.137 23.715-4.548 46.456-13.32 66.599-25.34-7.798 24.366-24.366 44.833-46.132 57.827 21.117-2.273 41.584-8.122 60.426-16.243-14.292 20.791-32.161 39.308-52.628 54.253z\"\/><\/svg><\/i><\/a><\/li>\n<li><a href=\"#\" target=\"_blank\" rel=\"noopener\"><i><svg xmlns=\"http:\/\/www.w3.org\/2000\/svg\" viewBox=\"0 0 448 512\"><path d=\"M100.28 448H7.4V148.9h92.88zM53.79 108.1C24.09 108.1 0 83.5 0 53.8a53.79 53.79 0 0 1 107.58 0c0 29.7-24.1 54.3-53.79 54.3zM447.9 448h-92.68V302.4c0-34.7-.7-79.2-48.29-79.2-48.29 0-55.69 37.7-55.69 76.7V448h-92.78V148.9h89.08v40.8h1.3c12.4-23.5 42.69-48.3 87.88-48.3 94 0 111.28 61.9 111.28 142.3V448z\"\/><\/svg><\/i><\/a><\/li>\n<\/ul>\n<p>\t\t\t\t\t\t<img decoding=\"async\" src=\"http:\/\/demo.athemes.com\/sydney-redesign\/wp-content\/uploads\/sites\/103\/2019\/10\/team_3f@2x.png\" alt=\"team_3f@2x\"\/><br \/>\n\t\t\t        \t\t\t\t        \t\tJohn Doe<br \/>\n\t\t\t        ACCOUNTANT<br \/>\n\t\t\t<!-- \/.team-item --><\/p>\n","protected":false},"excerpt":{"rendered":"<p>Acerca de Nuestra escuela fue fundada en el a\u00f1o 2015 con la misi\u00f3n de ofrecer la mejor educaci\u00f3n en la regi\u00f3n. Filosof\u00eda \u200bNuestro m\u00e9todo es sencillo pero muy efectivo. Creemos que lo m\u00e1s importante es tu aprendizaje por medio de nuestra ense\u00f1anza. Nuestra mayor recompensa es ayudarte a lograr tus sue\u00f1os.\u200b Misi\u00f3n Quis eleifend quam [&hellip;]<\/p>\n","protected":false},"author":1,"featured_media":0,"parent":0,"menu_order":0,"comment_status":"closed","ping_status":"closed","template":"page-templates\/page_front-page.php","meta":{"footnotes":""},"class_list":["post-361","page","type-page","status-publish","hentry"],"_links":{"self":[{"href":"https:\/\/universidadmoctezuma.com\/index.php?rest_route=\/wp\/v2\/pages\/361","targetHints":{"allow":["GET"]}}],"collection":[{"href":"https:\/\/universidadmoctezuma.com\/index.php?rest_route=\/wp\/v2\/pages"}],"about":[{"href":"https:\/\/universidadmoctezuma.com\/index.php?rest_route=\/wp\/v2\/types\/page"}],"author":[{"embeddable":true,"href":"https:\/\/universidadmoctezuma.com\/index.php?rest_route=\/wp\/v2\/users\/1"}],"replies":[{"embeddable":true,"href":"https:\/\/universidadmoctezuma.com\/index.php?rest_route=%2Fwp%2Fv2%2Fcomments&post=361"}],"version-history":[{"count":12,"href":"https:\/\/universidadmoctezuma.com\/index.php?rest_route=\/wp\/v2\/pages\/361\/revisions"}],"predecessor-version":[{"id":578710,"href":"https:\/\/universidadmoctezuma.com\/index.php?rest_route=\/wp\/v2\/pages\/361\/revisions\/578710"}],"wp:attachment":[{"href":"https:\/\/universidadmoctezuma.com\/index.php?rest_route=%2Fwp%2Fv2%2Fmedia&parent=361"}],"curies":[{"name":"wp","href":"https:\/\/api.w.org\/{rel}","templated":true}]}}